{"id":90,"date":"2023-11-16T16:44:40","date_gmt":"2023-11-16T16:44:40","guid":{"rendered":"http:\/\/imjuvenuevolaredo.com.mx\/?page_id=90"},"modified":"2023-11-16T16:44:40","modified_gmt":"2023-11-16T16:44:40","slug":"transparencia-imjuve-2","status":"publish","type":"page","link":"http:\/\/imjuvenuevolaredo.com.mx\/?page_id=90","title":{"rendered":"Transparencia IMJUVE"},"content":{"rendered":"\n<div class=\"wp-block-columns is-layout-flex wp-container-core-columns-is-layout-9d6595d7 wp-block-columns-is-layout-flex\">\n<div class=\"wp-block-column is-layout-flow wp-block-column-is-layout-flow\"><ul class=\"wp-block-page-list\"><li class=\"wp-block-pages-list__item\"><a class=\"wp-block-pages-list__item__link\" href=\"http:\/\/imjuvenuevolaredo.com.mx\/?page_id=323\">Aviso de Privacidad Integral<\/a><\/li><li class=\"wp-block-pages-list__item menu-item-home\"><a class=\"wp-block-pages-list__item__link\" href=\"http:\/\/imjuvenuevolaredo.com.mx\/\">Home<\/a><\/li><li class=\"wp-block-pages-list__item has-child\"><a class=\"wp-block-pages-list__item__link\" href=\"http:\/\/imjuvenuevolaredo.com.mx\/?page_id=90\">Transparencia IMJUVE<\/a><ul class=\"wp-block-navigation__submenu-container\"><li class=\"wp-block-pages-list__item \"><a class=\"wp-block-pages-list__item__link\" href=\"http:\/\/imjuvenuevolaredo.com.mx\/?page_id=121\">C\u00f3digo de \u00c9tica y C\u00f3digo de Conducta<\/a><\/li><li class=\"wp-block-pages-list__item has-child \"><a class=\"wp-block-pages-list__item__link\" href=\"http:\/\/imjuvenuevolaredo.com.mx\/?page_id=321\">Cuentas Publicas IMJUVE<\/a><ul class=\"wp-block-navigation__submenu-container\"><li class=\"wp-block-pages-list__item \"><a class=\"wp-block-pages-list__item__link\" href=\"http:\/\/imjuvenuevolaredo.com.mx\/?page_id=167\">Cuenta Publica 2023<\/a><\/li><li class=\"wp-block-pages-list__item \"><a class=\"wp-block-pages-list__item__link\" href=\"http:\/\/imjuvenuevolaredo.com.mx\/?page_id=284\">Cuenta Publica 2024<\/a><\/li><li class=\"wp-block-pages-list__item has-child \"><a class=\"wp-block-pages-list__item__link\" href=\"http:\/\/imjuvenuevolaredo.com.mx\/?page_id=289\">Transparencia 2024<\/a><ul class=\"wp-block-navigation__submenu-container\"><li class=\"wp-block-pages-list__item \"><a class=\"wp-block-pages-list__item__link\" href=\"http:\/\/imjuvenuevolaredo.com.mx\/?page_id=136\">1er Trimestre 2024<\/a><\/li><li class=\"wp-block-pages-list__item \"><a class=\"wp-block-pages-list__item__link\" href=\"http:\/\/imjuvenuevolaredo.com.mx\/?page_id=205\">3Er Trimestre 2024<\/a><\/li><li class=\"wp-block-pages-list__item \"><a class=\"wp-block-pages-list__item__link\" href=\"http:\/\/imjuvenuevolaredo.com.mx\/?page_id=235\">4To Trimestre 2024<\/a><\/li><li class=\"wp-block-pages-list__item \"><a class=\"wp-block-pages-list__item__link\" href=\"http:\/\/imjuvenuevolaredo.com.mx\/?page_id=179\">Estados Financieros| 2 Trimestre | 2024<\/a><\/li><\/ul><\/li><li class=\"wp-block-pages-list__item \"><a class=\"wp-block-pages-list__item__link\" href=\"http:\/\/imjuvenuevolaredo.com.mx\/?page_id=100\">Cuenta Publica 2019<\/a><\/li><li class=\"wp-block-pages-list__item \"><a class=\"wp-block-pages-list__item__link\" href=\"http:\/\/imjuvenuevolaredo.com.mx\/?page_id=98\">Cuenta Publica 2020<\/a><\/li><li class=\"wp-block-pages-list__item \"><a class=\"wp-block-pages-list__item__link\" href=\"http:\/\/imjuvenuevolaredo.com.mx\/?page_id=102\">Cuenta Publica 2021<\/a><\/li><li class=\"wp-block-pages-list__item \"><a class=\"wp-block-pages-list__item__link\" href=\"http:\/\/imjuvenuevolaredo.com.mx\/?page_id=86\">Cuenta Publica 2022<\/a><\/li><\/ul><\/li><li class=\"wp-block-pages-list__item has-child \"><a class=\"wp-block-pages-list__item__link\" href=\"http:\/\/imjuvenuevolaredo.com.mx\/?page_id=368\">SEVAC<\/a><ul class=\"wp-block-navigation__submenu-container\"><li class=\"wp-block-pages-list__item has-child \"><a class=\"wp-block-pages-list__item__link\" href=\"http:\/\/imjuvenuevolaredo.com.mx\/?page_id=370\">LEY GENERAL DE CONTABILIDAD GUBERNAMENTAL<\/a><ul class=\"wp-block-navigation__submenu-container\"><li class=\"wp-block-pages-list__item \"><a class=\"wp-block-pages-list__item__link\" href=\"http:\/\/imjuvenuevolaredo.com.mx\/?page_id=374\">4TO Trimestre 2025<\/a><\/li><\/ul><\/li><\/ul><\/li><li class=\"wp-block-pages-list__item has-child \"><a class=\"wp-block-pages-list__item__link\" href=\"http:\/\/imjuvenuevolaredo.com.mx\/?page_id=127\">Transparencia IMJUVE 2018-2023<\/a><ul class=\"wp-block-navigation__submenu-container\"><li class=\"wp-block-pages-list__item \"><a class=\"wp-block-pages-list__item__link\" href=\"http:\/\/imjuvenuevolaredo.com.mx\/?page_id=57\">Tercer Trimestre 2023<\/a><\/li><\/ul><\/li><li class=\"wp-block-pages-list__item has-child \"><a class=\"wp-block-pages-list__item__link\" href=\"http:\/\/imjuvenuevolaredo.com.mx\/?page_id=242\">Transparencia IMJUVE 2025<\/a><ul class=\"wp-block-navigation__submenu-container\"><li class=\"wp-block-pages-list__item \"><a class=\"wp-block-pages-list__item__link\" href=\"http:\/\/imjuvenuevolaredo.com.mx\/?page_id=252\">1er Trimestre EF 2025<\/a><\/li><li class=\"wp-block-pages-list__item \"><a class=\"wp-block-pages-list__item__link\" href=\"http:\/\/imjuvenuevolaredo.com.mx\/?page_id=293\">2do Trimestre EF 2025<\/a><\/li><li class=\"wp-block-pages-list__item \"><a class=\"wp-block-pages-list__item__link\" href=\"http:\/\/imjuvenuevolaredo.com.mx\/?page_id=335\">3er Trimestre EF 2025<\/a><\/li><\/ul><\/li><\/ul><\/li><li class=\"wp-block-pages-list__item\"><a class=\"wp-block-pages-list__item__link\" href=\"http:\/\/imjuvenuevolaredo.com.mx\/?page_id=372\">Trimestres 2025<\/a><\/li><\/ul><\/div>\n<\/div>\n","protected":false},"excerpt":{"rendered":"","protected":false},"author":1,"featured_media":0,"parent":0,"menu_order":0,"comment_status":"closed","ping_status":"closed","template":"","meta":{"footnotes":""},"class_list":["post-90","page","type-page","status-publish","hentry"],"_links":{"self":[{"href":"http:\/\/imjuvenuevolaredo.com.mx\/index.php?rest_route=\/wp\/v2\/pages\/90","targetHints":{"allow":["GET"]}}],"collection":[{"href":"http:\/\/imjuvenuevolaredo.com.mx\/index.php?rest_route=\/wp\/v2\/pages"}],"about":[{"href":"http:\/\/imjuvenuevolaredo.com.mx\/index.php?rest_route=\/wp\/v2\/types\/page"}],"author":[{"embeddable":true,"href":"http:\/\/imjuvenuevolaredo.com.mx\/index.php?rest_route=\/wp\/v2\/users\/1"}],"replies":[{"embeddable":true,"href":"http:\/\/imjuvenuevolaredo.com.mx\/index.php?rest_route=%2Fwp%2Fv2%2Fcomments&post=90"}],"version-history":[{"count":1,"href":"http:\/\/imjuvenuevolaredo.com.mx\/index.php?rest_route=\/wp\/v2\/pages\/90\/revisions"}],"predecessor-version":[{"id":91,"href":"http:\/\/imjuvenuevolaredo.com.mx\/index.php?rest_route=\/wp\/v2\/pages\/90\/revisions\/91"}],"wp:attachment":[{"href":"http:\/\/imjuvenuevolaredo.com.mx\/index.php?rest_route=%2Fwp%2Fv2%2Fmedia&parent=90"}],"curies":[{"name":"wp","href":"https:\/\/api.w.org\/{rel}","templated":true}]}}