{"id":121,"date":"2024-02-29T18:09:12","date_gmt":"2024-02-29T18:09:12","guid":{"rendered":"http:\/\/imjuvenuevolaredo.com.mx\/?page_id=121"},"modified":"2025-02-17T19:06:14","modified_gmt":"2025-02-17T19:06:14","slug":"codigo-de-etica-y-codigo-de-conducta","status":"publish","type":"page","link":"http:\/\/imjuvenuevolaredo.com.mx\/?page_id=121","title":{"rendered":"C\u00f3digo de \u00c9tica y C\u00f3digo de Conducta"},"content":{"rendered":"\n<div data-wp-interactive=\"core\/file\" class=\"wp-block-file\"><object data-wp-bind--hidden=\"!state.hasPdfPreview\" hidden class=\"wp-block-file__embed\" data=\"http:\/\/imjuvenuevolaredo.com.mx\/wp-content\/uploads\/2024\/02\/Codigo-de-Etica-y-Codigo-de-Conducta.pdf\" type=\"application\/pdf\" style=\"width:100%;height:600px\" aria-label=\"Embed of Codigo-de-Etica-y-Codigo-de-Conducta.\"><\/object><a id=\"wp-block-file--media-8041bb29-6057-437d-9bc7-94a67bdd52ce\" href=\"http:\/\/imjuvenuevolaredo.com.mx\/wp-content\/uploads\/2024\/02\/Codigo-de-Etica-y-Codigo-de-Conducta.pdf\">Codigo-de-Etica-y-Codigo-de-Conducta<\/a><a href=\"http:\/\/imjuvenuevolaredo.com.mx\/wp-content\/uploads\/2024\/02\/Codigo-de-Etica-y-Codigo-de-Conducta.pdf\" class=\"wp-block-file__button wp-element-button\" download aria-describedby=\"wp-block-file--media-8041bb29-6057-437d-9bc7-94a67bdd52ce\">Descarga<\/a><\/div>\n","protected":false},"excerpt":{"rendered":"","protected":false},"author":1,"featured_media":0,"parent":90,"menu_order":0,"comment_status":"closed","ping_status":"closed","template":"","meta":{"footnotes":""},"class_list":["post-121","page","type-page","status-publish","hentry"],"_links":{"self":[{"href":"http:\/\/imjuvenuevolaredo.com.mx\/index.php?rest_route=\/wp\/v2\/pages\/121","targetHints":{"allow":["GET"]}}],"collection":[{"href":"http:\/\/imjuvenuevolaredo.com.mx\/index.php?rest_route=\/wp\/v2\/pages"}],"about":[{"href":"http:\/\/imjuvenuevolaredo.com.mx\/index.php?rest_route=\/wp\/v2\/types\/page"}],"author":[{"embeddable":true,"href":"http:\/\/imjuvenuevolaredo.com.mx\/index.php?rest_route=\/wp\/v2\/users\/1"}],"replies":[{"embeddable":true,"href":"http:\/\/imjuvenuevolaredo.com.mx\/index.php?rest_route=%2Fwp%2Fv2%2Fcomments&post=121"}],"version-history":[{"count":1,"href":"http:\/\/imjuvenuevolaredo.com.mx\/index.php?rest_route=\/wp\/v2\/pages\/121\/revisions"}],"predecessor-version":[{"id":123,"href":"http:\/\/imjuvenuevolaredo.com.mx\/index.php?rest_route=\/wp\/v2\/pages\/121\/revisions\/123"}],"up":[{"embeddable":true,"href":"http:\/\/imjuvenuevolaredo.com.mx\/index.php?rest_route=\/wp\/v2\/pages\/90"}],"wp:attachment":[{"href":"http:\/\/imjuvenuevolaredo.com.mx\/index.php?rest_route=%2Fwp%2Fv2%2Fmedia&parent=121"}],"curies":[{"name":"wp","href":"https:\/\/api.w.org\/{rel}","templated":true}]}}